{"id":847,"date":"2026-02-13T12:31:45","date_gmt":"2026-02-13T11:31:45","guid":{"rendered":"https:\/\/www.leslibrairesvoyageurs.fr\/sitetest\/produit\/le-condor-et-la-momie\/"},"modified":"2026-02-13T12:31:47","modified_gmt":"2026-02-13T11:31:47","slug":"le-condor-et-la-momie","status":"publish","type":"product","link":"https:\/\/www.leslibrairesvoyageurs.fr\/sitetest\/produit\/le-condor-et-la-momie\/","title":{"rendered":"Le condor et la momie"},"content":{"rendered":"<p>Don Belisario est chamane, un ma\u00eetre dans son domaine. Il vit modestement, refusant d\u2019exploiter de mani\u00e8re commerciale les bienfaits de la for\u00eat. Lorsqu\u2019un \u00e9tranger lui propose de l\u2019argent pour d\u00e9couvrir les effets de l\u2019ayahuasca, il s\u2019interroge\u00a0: tout peut-il s\u2019acheter\u2009? C\u2019est la question qui anime aussi les personnages de ces neuf nouvelles\u00a0: Jos\u00e9 le p\u00eacheur, pilleur de tombes \u00e0 ces heures, Pedro le paysan qui r\u00eave d\u2019un avenir meilleur pour ses enfants, Nora la domestique en qu\u00eate de r\u00e9ussite, Manolo l\u2019agent immobilier cupide, quoique li\u00e9 \u00e0 la terre de ses anc\u00eatres\u2026 Tous soulignent la dualit\u00e9 entre un consum\u00e9risme \u00e0 la d\u00e9rive et un attachement \u00e0 des valeurs locales plus humanistes.<\/p>\n","protected":false},"excerpt":{"rendered":"<p>Nouvelles du P\u00e9rou<\/p>\n","protected":false},"featured_media":557,"comment_status":"closed","ping_status":"open","template":"","meta":{"ocean_post_layout":"","ocean_both_sidebars_style":"","ocean_both_sidebars_content_width":0,"ocean_both_sidebars_sidebars_width":0,"ocean_sidebar":"","ocean_second_sidebar":"","ocean_disable_margins":"enable","ocean_add_body_class":"","ocean_shortcode_before_top_bar":"","ocean_shortcode_after_top_bar":"","ocean_shortcode_before_header":"","ocean_shortcode_after_header":"","ocean_has_shortcode":"","ocean_shortcode_after_title":"","ocean_shortcode_before_footer_widgets":"","ocean_shortcode_after_footer_widgets":"","ocean_shortcode_before_footer_bottom":"","ocean_shortcode_after_footer_bottom":"","ocean_display_top_bar":"default","ocean_display_header":"default","ocean_header_style":"","ocean_center_header_left_menu":"","ocean_custom_header_template":"","ocean_custom_logo":0,"ocean_custom_retina_logo":0,"ocean_custom_logo_max_width":0,"ocean_custom_logo_tablet_max_width":0,"ocean_custom_logo_mobile_max_width":0,"ocean_custom_logo_max_height":0,"ocean_custom_logo_tablet_max_height":0,"ocean_custom_logo_mobile_max_height":0,"ocean_header_custom_menu":"","ocean_menu_typo_font_family":"","ocean_menu_typo_font_subset":"","ocean_menu_typo_font_size":0,"ocean_menu_typo_font_size_tablet":0,"ocean_menu_typo_font_size_mobile":0,"ocean_menu_typo_font_size_unit":"px","ocean_menu_typo_font_weight":"","ocean_menu_typo_font_weight_tablet":"","ocean_menu_typo_font_weight_mobile":"","ocean_menu_typo_transform":"","ocean_menu_typo_transform_tablet":"","ocean_menu_typo_transform_mobile":"","ocean_menu_typo_line_height":0,"ocean_menu_typo_line_height_tablet":0,"ocean_menu_typo_line_height_mobile":0,"ocean_menu_typo_line_height_unit":"","ocean_menu_typo_spacing":0,"ocean_menu_typo_spacing_tablet":0,"ocean_menu_typo_spacing_mobile":0,"ocean_menu_typo_spacing_unit":"","ocean_menu_link_color":"","ocean_menu_link_color_hover":"","ocean_menu_link_color_active":"","ocean_menu_link_background":"","ocean_menu_link_hover_background":"","ocean_menu_link_active_background":"","ocean_menu_social_links_bg":"","ocean_menu_social_hover_links_bg":"","ocean_menu_social_links_color":"","ocean_menu_social_hover_links_color":"","ocean_disable_title":"default","ocean_disable_heading":"default","ocean_post_title":"","ocean_post_subheading":"","ocean_post_title_style":"","ocean_post_title_background_color":"","ocean_post_title_background":0,"ocean_post_title_bg_image_position":"","ocean_post_title_bg_image_attachment":"","ocean_post_title_bg_image_repeat":"","ocean_post_title_bg_image_size":"","ocean_post_title_height":0,"ocean_post_title_bg_overlay":0.5,"ocean_post_title_bg_overlay_color":"","ocean_disable_breadcrumbs":"default","ocean_breadcrumbs_color":"","ocean_breadcrumbs_separator_color":"","ocean_breadcrumbs_links_color":"","ocean_breadcrumbs_links_hover_color":"","ocean_display_footer_widgets":"default","ocean_display_footer_bottom":"default","ocean_custom_footer_template":""},"product_brand":[],"product_cat":[148],"product_tag":[577,1169,1170,1171,1172,1173,1174,1175,1176,1177,1178,1179,1180,1168,1181,307,162,1167,888],"class_list":{"0":"post-847","1":"product","2":"type-product","3":"status-publish","4":"has-post-thumbnail","6":"product_cat-roman","7":"product_tag-amerique-du-sud","8":"product_tag-apurimac","9":"product_tag-arequipa","10":"product_tag-cuzco","11":"product_tag-ica","12":"product_tag-lac-titicaca","13":"product_tag-lima","14":"product_tag-livitaca","15":"product_tag-loreto","16":"product_tag-madre-de-dios","17":"product_tag-maracayu","18":"product_tag-ollantaytambo","19":"product_tag-paracas","20":"product_tag-perou","21":"product_tag-pucallpa","22":"product_tag-quete","23":"product_tag-recit-de-voyage","24":"product_tag-recueil","25":"product_tag-tourisme","26":"pa_auteur-julie-baudin","27":"pa_categorie-nouvelles","28":"pa_categorie-societe","29":"pa_date-de-publication-11-17-2016","30":"pa_editeur-transboreal","31":"pa_pays-perou","33":"entry","34":"has-media","36":"first","37":"instock","38":"sold-individually","39":"purchasable","40":"product-type-simple","41":"has-product-nav","42":"col","43":"span_1_of_3","44":"owp-content-center","45":"owp-thumbs-layout-horizontal","46":"owp-btn-normal","47":"owp-tabs-layout-horizontal","48":"has-no-thumbnails"},"_links":{"self":[{"href":"https:\/\/www.leslibrairesvoyageurs.fr\/sitetest\/wp-json\/wp\/v2\/product\/847","targetHints":{"allow":["GET"]}}],"collection":[{"href":"https:\/\/www.leslibrairesvoyageurs.fr\/sitetest\/wp-json\/wp\/v2\/product"}],"about":[{"href":"https:\/\/www.leslibrairesvoyageurs.fr\/sitetest\/wp-json\/wp\/v2\/types\/product"}],"replies":[{"embeddable":true,"href":"https:\/\/www.leslibrairesvoyageurs.fr\/sitetest\/wp-json\/wp\/v2\/comments?post=847"}],"wp:featuredmedia":[{"embeddable":true,"href":"https:\/\/www.leslibrairesvoyageurs.fr\/sitetest\/wp-json\/wp\/v2\/media\/557"}],"wp:attachment":[{"href":"https:\/\/www.leslibrairesvoyageurs.fr\/sitetest\/wp-json\/wp\/v2\/media?parent=847"}],"wp:term":[{"taxonomy":"product_brand","embeddable":true,"href":"https:\/\/www.leslibrairesvoyageurs.fr\/sitetest\/wp-json\/wp\/v2\/product_brand?post=847"},{"taxonomy":"product_cat","embeddable":true,"href":"https:\/\/www.leslibrairesvoyageurs.fr\/sitetest\/wp-json\/wp\/v2\/product_cat?post=847"},{"taxonomy":"product_tag","embeddable":true,"href":"https:\/\/www.leslibrairesvoyageurs.fr\/sitetest\/wp-json\/wp\/v2\/product_tag?post=847"}],"curies":[{"name":"wp","href":"https:\/\/api.w.org\/{rel}","templated":true}]}}